{"id":329,"date":"2023-01-14T18:40:52","date_gmt":"2023-01-14T23:40:52","guid":{"rendered":"http:\/\/zv.enriquepareja.com\/tienda\/?post_type=product&#038;p=329"},"modified":"2023-01-14T18:40:52","modified_gmt":"2023-01-14T23:40:52","slug":"bata-de-cirugia-desechables","status":"publish","type":"product","link":"http:\/\/grupozoovet.com\/tienda\/producto\/bata-de-cirugia-desechables\/","title":{"rendered":"Bata de Cirug\u00eda desechables"},"content":{"rendered":"<p>Con pu\u00f1os el\u00e1sticos.<\/p>\n","protected":false},"excerpt":{"rendered":"<p><img loading=\"lazy\" decoding=\"async\" class=\"alignnone size-medium wp-image-310\" src=\"http:\/\/zv.enriquepareja.com\/tienda\/wp-content\/uploads\/2023\/01\/bata-300x300.jpg\" alt=\"\" width=\"300\" height=\"300\" srcset=\"http:\/\/grupozoovet.com\/tienda\/wp-content\/uploads\/2023\/01\/bata-300x300.jpg 300w, http:\/\/grupozoovet.com\/tienda\/wp-content\/uploads\/2023\/01\/bata-150x150.jpg 150w, http:\/\/grupozoovet.com\/tienda\/wp-content\/uploads\/2023\/01\/bata-100x100.jpg 100w, http:\/\/grupozoovet.com\/tienda\/wp-content\/uploads\/2023\/01\/bata.jpg 500w\" sizes=\"auto, (max-width: 300px) 100vw, 300px\" \/><\/p>\n","protected":false},"featured_media":310,"template":"","meta":[],"product_cat":[18],"product_tag":[],"class_list":["post-329","product","type-product","status-publish","has-post-thumbnail","hentry","product_cat-csm"],"_links":{"self":[{"href":"http:\/\/grupozoovet.com\/tienda\/wp-json\/wp\/v3\/product\/329","targetHints":{"allow":["GET"]}}],"collection":[{"href":"http:\/\/grupozoovet.com\/tienda\/wp-json\/wp\/v3\/product"}],"about":[{"href":"http:\/\/grupozoovet.com\/tienda\/wp-json\/wp\/v2\/types\/product"}],"wp:featuredmedia":[{"embeddable":true,"href":"http:\/\/grupozoovet.com\/tienda\/wp-json\/wp\/v2\/media\/310"}],"wp:attachment":[{"href":"http:\/\/grupozoovet.com\/tienda\/wp-json\/wp\/v2\/media?parent=329"}],"wp:term":[{"taxonomy":"product_cat","embeddable":true,"href":"http:\/\/grupozoovet.com\/tienda\/wp-json\/wp\/v2\/product_cat?post=329"},{"taxonomy":"product_tag","embeddable":true,"href":"http:\/\/grupozoovet.com\/tienda\/wp-json\/wp\/v2\/product_tag?post=329"}],"curies":[{"name":"wp","href":"https:\/\/api.w.org\/{rel}","templated":true}]}}