{"id":445,"date":"2023-01-15T20:06:22","date_gmt":"2023-01-16T01:06:22","guid":{"rendered":"http:\/\/zv.enriquepareja.com\/tienda\/?post_type=product&#038;p=445"},"modified":"2023-01-15T20:06:23","modified_gmt":"2023-01-16T01:06:23","slug":"tincion-de-azul-de-metileno","status":"publish","type":"product","link":"http:\/\/grupozoovet.com\/tienda\/producto\/tincion-de-azul-de-metileno\/","title":{"rendered":"Tinci\u00f3n de Azul de Metileno"},"content":{"rendered":"<p>Seg\u00fan L\u00f6effler. 30ml<\/p>\n","protected":false},"excerpt":{"rendered":"<p><img loading=\"lazy\" decoding=\"async\" class=\"alignnone size-medium wp-image-424\" src=\"http:\/\/zv.enriquepareja.com\/tienda\/wp-content\/uploads\/2023\/01\/Screenshot_20230115-185041_Gallery-196x300.jpg\" alt=\"\" width=\"196\" height=\"300\" srcset=\"http:\/\/grupozoovet.com\/tienda\/wp-content\/uploads\/2023\/01\/Screenshot_20230115-185041_Gallery-196x300.jpg 196w, http:\/\/grupozoovet.com\/tienda\/wp-content\/uploads\/2023\/01\/Screenshot_20230115-185041_Gallery.jpg 242w\" sizes=\"auto, (max-width: 196px) 100vw, 196px\" \/><\/p>\n","protected":false},"featured_media":424,"template":"","meta":[],"product_cat":[32],"product_tag":[],"class_list":["post-445","product","type-product","status-publish","has-post-thumbnail","hentry","product_cat-tinciones"],"_links":{"self":[{"href":"http:\/\/grupozoovet.com\/tienda\/wp-json\/wp\/v3\/product\/445","targetHints":{"allow":["GET"]}}],"collection":[{"href":"http:\/\/grupozoovet.com\/tienda\/wp-json\/wp\/v3\/product"}],"about":[{"href":"http:\/\/grupozoovet.com\/tienda\/wp-json\/wp\/v2\/types\/product"}],"wp:featuredmedia":[{"embeddable":true,"href":"http:\/\/grupozoovet.com\/tienda\/wp-json\/wp\/v2\/media\/424"}],"wp:attachment":[{"href":"http:\/\/grupozoovet.com\/tienda\/wp-json\/wp\/v2\/media?parent=445"}],"wp:term":[{"taxonomy":"product_cat","embeddable":true,"href":"http:\/\/grupozoovet.com\/tienda\/wp-json\/wp\/v2\/product_cat?post=445"},{"taxonomy":"product_tag","embeddable":true,"href":"http:\/\/grupozoovet.com\/tienda\/wp-json\/wp\/v2\/product_tag?post=445"}],"curies":[{"name":"wp","href":"https:\/\/api.w.org\/{rel}","templated":true}]}}