{"id":542,"date":"2023-01-17T23:23:42","date_gmt":"2023-01-18T04:23:42","guid":{"rendered":"http:\/\/zv.enriquepareja.com\/tienda\/?post_type=product&#038;p=542"},"modified":"2023-01-17T23:23:42","modified_gmt":"2023-01-18T04:23:42","slug":"lampara-uv-led-mini-woods","status":"publish","type":"product","link":"http:\/\/grupozoovet.com\/tienda\/producto\/lampara-uv-led-mini-woods\/","title":{"rendered":"L\u00e1mpara UV Led &#8211; Mini Woods"},"content":{"rendered":"<p>L\u00e1mpara UV Led &#8211; Mini L\u00e1mpara de Woods, usada en oftalmolog\u00eda con tinciones para \u00falceras corneales y en dermatolog\u00eda para la observaci\u00f3n de dermatofitos.<\/p>\n","protected":false},"excerpt":{"rendered":"<p><img loading=\"lazy\" decoding=\"async\" class=\"alignnone size-medium wp-image-539\" src=\"http:\/\/zv.enriquepareja.com\/tienda\/wp-content\/uploads\/2023\/01\/ulcera-300x130.jpg\" alt=\"\" width=\"300\" height=\"130\" srcset=\"http:\/\/grupozoovet.com\/tienda\/wp-content\/uploads\/2023\/01\/ulcera-300x130.jpg 300w, http:\/\/grupozoovet.com\/tienda\/wp-content\/uploads\/2023\/01\/ulcera-1024x444.jpg 1024w, http:\/\/grupozoovet.com\/tienda\/wp-content\/uploads\/2023\/01\/ulcera-768x333.jpg 768w, http:\/\/grupozoovet.com\/tienda\/wp-content\/uploads\/2023\/01\/ulcera-1536x666.jpg 1536w, http:\/\/grupozoovet.com\/tienda\/wp-content\/uploads\/2023\/01\/ulcera-600x260.jpg 600w, http:\/\/grupozoovet.com\/tienda\/wp-content\/uploads\/2023\/01\/ulcera.jpg 2048w\" sizes=\"auto, (max-width: 300px) 100vw, 300px\" \/><\/p>\n","protected":false},"featured_media":538,"template":"","meta":[],"product_cat":[21,23],"product_tag":[],"class_list":["post-542","product","type-product","status-publish","has-post-thumbnail","hentry","product_cat-equipomed","product_cat-oftalmo"],"_links":{"self":[{"href":"http:\/\/grupozoovet.com\/tienda\/wp-json\/wp\/v3\/product\/542","targetHints":{"allow":["GET"]}}],"collection":[{"href":"http:\/\/grupozoovet.com\/tienda\/wp-json\/wp\/v3\/product"}],"about":[{"href":"http:\/\/grupozoovet.com\/tienda\/wp-json\/wp\/v2\/types\/product"}],"wp:featuredmedia":[{"embeddable":true,"href":"http:\/\/grupozoovet.com\/tienda\/wp-json\/wp\/v2\/media\/538"}],"wp:attachment":[{"href":"http:\/\/grupozoovet.com\/tienda\/wp-json\/wp\/v2\/media?parent=542"}],"wp:term":[{"taxonomy":"product_cat","embeddable":true,"href":"http:\/\/grupozoovet.com\/tienda\/wp-json\/wp\/v2\/product_cat?post=542"},{"taxonomy":"product_tag","embeddable":true,"href":"http:\/\/grupozoovet.com\/tienda\/wp-json\/wp\/v2\/product_tag?post=542"}],"curies":[{"name":"wp","href":"https:\/\/api.w.org\/{rel}","templated":true}]}}