{"id":98,"date":"2022-12-31T00:54:41","date_gmt":"2022-12-31T05:54:41","guid":{"rendered":"http:\/\/zv.enriquepareja.com\/tienda\/?post_type=product&#038;p=98"},"modified":"2022-12-31T00:54:41","modified_gmt":"2022-12-31T05:54:41","slug":"ferulas-rigidas","status":"publish","type":"product","link":"http:\/\/grupozoovet.com\/tienda\/producto\/ferulas-rigidas\/","title":{"rendered":"F\u00e9rulas R\u00edgidas"},"content":{"rendered":"<p>3 Tama\u00f1os<\/p>\n","protected":false},"excerpt":{"rendered":"<p><img loading=\"lazy\" decoding=\"async\" class=\"alignnone size-medium wp-image-99\" src=\"http:\/\/zv.enriquepareja.com\/tienda\/wp-content\/uploads\/2022\/12\/PhotoGrid_Plus_1627078266876-300x300.jpg\" alt=\"\" width=\"300\" height=\"300\" srcset=\"http:\/\/grupozoovet.com\/tienda\/wp-content\/uploads\/2022\/12\/PhotoGrid_Plus_1627078266876-300x300.jpg 300w, http:\/\/grupozoovet.com\/tienda\/wp-content\/uploads\/2022\/12\/PhotoGrid_Plus_1627078266876-1024x1024.jpg 1024w, http:\/\/grupozoovet.com\/tienda\/wp-content\/uploads\/2022\/12\/PhotoGrid_Plus_1627078266876-150x150.jpg 150w, http:\/\/grupozoovet.com\/tienda\/wp-content\/uploads\/2022\/12\/PhotoGrid_Plus_1627078266876-768x768.jpg 768w, http:\/\/grupozoovet.com\/tienda\/wp-content\/uploads\/2022\/12\/PhotoGrid_Plus_1627078266876-1536x1536.jpg 1536w, http:\/\/grupozoovet.com\/tienda\/wp-content\/uploads\/2022\/12\/PhotoGrid_Plus_1627078266876-600x600.jpg 600w, http:\/\/grupozoovet.com\/tienda\/wp-content\/uploads\/2022\/12\/PhotoGrid_Plus_1627078266876-100x100.jpg 100w, http:\/\/grupozoovet.com\/tienda\/wp-content\/uploads\/2022\/12\/PhotoGrid_Plus_1627078266876.jpg 2048w\" sizes=\"auto, (max-width: 300px) 100vw, 300px\" \/><\/p>\n","protected":false},"featured_media":99,"template":"","meta":[],"product_cat":[29],"product_tag":[],"class_list":["post-98","product","type-product","status-publish","has-post-thumbnail","hentry","product_cat-ortopedia"],"_links":{"self":[{"href":"http:\/\/grupozoovet.com\/tienda\/wp-json\/wp\/v3\/product\/98","targetHints":{"allow":["GET"]}}],"collection":[{"href":"http:\/\/grupozoovet.com\/tienda\/wp-json\/wp\/v3\/product"}],"about":[{"href":"http:\/\/grupozoovet.com\/tienda\/wp-json\/wp\/v2\/types\/product"}],"wp:featuredmedia":[{"embeddable":true,"href":"http:\/\/grupozoovet.com\/tienda\/wp-json\/wp\/v2\/media\/99"}],"wp:attachment":[{"href":"http:\/\/grupozoovet.com\/tienda\/wp-json\/wp\/v2\/media?parent=98"}],"wp:term":[{"taxonomy":"product_cat","embeddable":true,"href":"http:\/\/grupozoovet.com\/tienda\/wp-json\/wp\/v2\/product_cat?post=98"},{"taxonomy":"product_tag","embeddable":true,"href":"http:\/\/grupozoovet.com\/tienda\/wp-json\/wp\/v2\/product_tag?post=98"}],"curies":[{"name":"wp","href":"https:\/\/api.w.org\/{rel}","templated":true}]}}