{"id":441,"date":"2023-01-15T20:00:04","date_gmt":"2023-01-16T01:00:04","guid":{"rendered":"http:\/\/zv.enriquepareja.com\/tienda\/?post_type=product&#038;p=441"},"modified":"2023-01-15T20:00:04","modified_gmt":"2023-01-16T01:00:04","slug":"tincion-de-wright","status":"publish","type":"product","link":"https:\/\/grupozoovet.com\/tienda\/producto\/tincion-de-wright\/","title":{"rendered":"Tinci\u00f3n de Wright"},"content":{"rendered":"<p>Para hematolog\u00eda y Citolog\u00eda.\u00a0 125ml.<\/p>\n","protected":false},"excerpt":{"rendered":"<p><img loading=\"lazy\" decoding=\"async\" class=\"alignnone size-medium wp-image-433\" src=\"http:\/\/zv.enriquepareja.com\/tienda\/wp-content\/uploads\/2023\/01\/wright-300x210.png\" alt=\"\" width=\"300\" height=\"210\" srcset=\"https:\/\/grupozoovet.com\/tienda\/wp-content\/uploads\/2023\/01\/wright-300x210.png 300w, https:\/\/grupozoovet.com\/tienda\/wp-content\/uploads\/2023\/01\/wright-768x538.png 768w, https:\/\/grupozoovet.com\/tienda\/wp-content\/uploads\/2023\/01\/wright-600x420.png 600w, https:\/\/grupozoovet.com\/tienda\/wp-content\/uploads\/2023\/01\/wright.png 1000w\" sizes=\"auto, (max-width: 300px) 100vw, 300px\" \/><\/p>\n","protected":false},"featured_media":432,"template":"","meta":[],"product_cat":[32],"product_tag":[],"class_list":["post-441","product","type-product","status-publish","has-post-thumbnail","hentry","product_cat-tinciones"],"_links":{"self":[{"href":"https:\/\/grupozoovet.com\/tienda\/wp-json\/wp\/v3\/product\/441","targetHints":{"allow":["GET"]}}],"collection":[{"href":"https:\/\/grupozoovet.com\/tienda\/wp-json\/wp\/v3\/product"}],"about":[{"href":"https:\/\/grupozoovet.com\/tienda\/wp-json\/wp\/v2\/types\/product"}],"wp:featuredmedia":[{"embeddable":true,"href":"https:\/\/grupozoovet.com\/tienda\/wp-json\/wp\/v2\/media\/432"}],"wp:attachment":[{"href":"https:\/\/grupozoovet.com\/tienda\/wp-json\/wp\/v2\/media?parent=441"}],"wp:term":[{"taxonomy":"product_cat","embeddable":true,"href":"https:\/\/grupozoovet.com\/tienda\/wp-json\/wp\/v2\/product_cat?post=441"},{"taxonomy":"product_tag","embeddable":true,"href":"https:\/\/grupozoovet.com\/tienda\/wp-json\/wp\/v2\/product_tag?post=441"}],"curies":[{"name":"wp","href":"https:\/\/api.w.org\/{rel}","templated":true}]}}